{"id":16,"date":"2025-10-01T08:36:54","date_gmt":"2025-10-01T08:36:54","guid":{"rendered":"https:\/\/terrasses-amitie.be\/index.php\/duplex-3e-et-4e-etage\/"},"modified":"2026-02-25T16:13:03","modified_gmt":"2026-02-25T16:13:03","slug":"penthouse-3e-et-4e-etage","status":"publish","type":"page","link":"https:\/\/terrasses-amitie.be\/index.php\/penthouse-3e-et-4e-etage\/","title":{"rendered":"Penthouse+3 \/ +4"},"content":{"rendered":"\t\t<div data-elementor-type=\"wp-page\" data-elementor-id=\"16\" class=\"elementor elementor-16\">\n\t\t\t\t<div class=\"elementor-element elementor-element-5fa7fb07 e-con-full e-flex e-con e-parent\" data-id=\"5fa7fb07\" data-element_type=\"container\" data-settings=\"{&quot;background_background&quot;:&quot;slideshow&quot;,&quot;background_slideshow_gallery&quot;:[{&quot;id&quot;:210784,&quot;url&quot;:&quot;http:\\\/\\\/terrasses-amitie.be\\\/wp-content\\\/uploads\\\/2026\\\/02\\\/Generated-Image-October-30-2025-12_12AM-copie.png&quot;},{&quot;id&quot;:210783,&quot;url&quot;:&quot;http:\\\/\\\/terrasses-amitie.be\\\/wp-content\\\/uploads\\\/2026\\\/02\\\/Generated-Image-October-29-2025-11_49PM.png&quot;},{&quot;id&quot;:210781,&quot;url&quot;:&quot;http:\\\/\\\/terrasses-amitie.be\\\/wp-content\\\/uploads\\\/2026\\\/02\\\/Generated-Image-October-30-2025-3_43PM-copie.png&quot;},{&quot;id&quot;:210778,&quot;url&quot;:&quot;http:\\\/\\\/terrasses-amitie.be\\\/wp-content\\\/uploads\\\/2026\\\/02\\\/Generated-Image-September-29-2025-4_02PM.png&quot;},{&quot;id&quot;:210780,&quot;url&quot;:&quot;http:\\\/\\\/terrasses-amitie.be\\\/wp-content\\\/uploads\\\/2026\\\/02\\\/Generated-Image-September-19-2025-12_20AM-2.png&quot;},{&quot;id&quot;:210776,&quot;url&quot;:&quot;http:\\\/\\\/terrasses-amitie.be\\\/wp-content\\\/uploads\\\/2026\\\/02\\\/facade-avant.png&quot;}],&quot;background_slideshow_loop&quot;:&quot;yes&quot;,&quot;background_slideshow_slide_duration&quot;:5000,&quot;background_slideshow_slide_transition&quot;:&quot;fade&quot;,&quot;background_slideshow_transition_duration&quot;:500}\">\n\t\t\t\t<\/div>\n\t\t<div class=\"elementor-element elementor-element-240ef95f e-flex e-con-boxed e-con e-parent\" data-id=\"240ef95f\" data-element_type=\"container\" data-settings=\"{&quot;background_background&quot;:&quot;classic&quot;}\">\n\t\t\t\t\t<div class=\"e-con-inner\">\n\t\t<div class=\"elementor-element elementor-element-4b811f7c e-con-full e-flex e-con e-child\" data-id=\"4b811f7c\" data-element_type=\"container\">\n\t\t\t\t<div class=\"elementor-element elementor-element-1baff829 elementor-widget elementor-widget-heading\" data-id=\"1baff829\" data-element_type=\"widget\" data-widget_type=\"heading.default\">\n\t\t\t\t\t<h2 class=\"elementor-heading-title elementor-size-default\">Penthouse \/ duplexe - 3 chambres + bureau<\/h2>\t\t\t\t<\/div>\n\t\t\t\t<div class=\"elementor-element elementor-element-21c4c9ee elementor-widget elementor-widget-text-editor\" data-id=\"21c4c9ee\" data-element_type=\"widget\" data-widget_type=\"text-editor.default\">\n\t\t\t\t\t\t\t\t\t<p>Le Penthouse-Duplex (\u00c9tages +3 &amp; +4) : L&#8217;Excellence \u00e0 Ciel Ouvert V\u00e9ritable joyau de la r\u00e9sidence, ce penthouse en duplex de 137 m\u00b2 est une &#8220;villa sur le toit&#8221; qui offre une exp\u00e9rience de vie absolument unique. Distribu\u00e9 sur les deux derniers \u00e9tages, il culmine avec une terrasse de 2.5 m\u00b2 orient\u00e9e plein sud, offrant une vue imprenable sur l&#8217;int\u00e9rieur l&#8217;\u00eelot et un ensoleillement maximal. Une seconde terrasse de 6 m\u00b2 en fa\u00e7ade avant offre une alternative et des vues diff\u00e9rentes. L&#8217;int\u00e9rieur, avec ses trois chambres, son bureau, sa salle de bain et sa salle de douche, est un havre de paix et de luxe, o\u00f9 chaque d\u00e9tail a \u00e9t\u00e9 pens\u00e9 pour offrir un confort sans compromis au sommet de la ville.<\/p>\t\t\t\t\t\t\t\t<\/div>\n\t\t\t\t<\/div>\n\t\t\t\t\t<\/div>\n\t\t\t\t<\/div>\n\t\t<div class=\"elementor-element elementor-element-5bb7f359 e-flex e-con-boxed e-con e-parent\" data-id=\"5bb7f359\" data-element_type=\"container\">\n\t\t\t\t\t<div class=\"e-con-inner\">\n\t\t<div class=\"elementor-element elementor-element-73804270 e-con-full e-flex e-con e-child\" data-id=\"73804270\" data-element_type=\"container\">\n\t\t\t\t<div class=\"elementor-element elementor-element-8ca160a elementor-widget elementor-widget-image\" data-id=\"8ca160a\" data-element_type=\"widget\" data-widget_type=\"image.default\">\n\t\t\t\t\t\t\t\t\t\t\t\t\t\t\t<img fetchpriority=\"high\" fetchpriority=\"high\" decoding=\"async\" width=\"1024\" height=\"411\" src=\"https:\/\/terrasses-amitie.be\/wp-content\/uploads\/2026\/02\/4-1-1024x411.jpg\" class=\"attachment-large size-large wp-image-210868\" alt=\"\" srcset=\"https:\/\/terrasses-amitie.be\/wp-content\/uploads\/2026\/02\/4-1-1024x411.jpg 1024w, https:\/\/terrasses-amitie.be\/wp-content\/uploads\/2026\/02\/4-1-980x393.jpg 980w, https:\/\/terrasses-amitie.be\/wp-content\/uploads\/2026\/02\/4-1-480x193.jpg 480w\" sizes=\"(min-width: 0px) and (max-width: 480px) 480px, (min-width: 481px) and (max-width: 980px) 980px, (min-width: 981px) 1024px, 100vw\" \/>\t\t\t\t\t\t\t\t\t\t\t\t\t\t\t<\/div>\n\t\t\t\t<\/div>\n\t\t<div class=\"elementor-element elementor-element-d43ccbd e-con-full e-flex e-con e-child\" data-id=\"d43ccbd\" data-element_type=\"container\">\n\t\t\t\t<div class=\"elementor-element elementor-element-4f835d26 elementor-widget elementor-widget-image\" data-id=\"4f835d26\" data-element_type=\"widget\" data-widget_type=\"image.default\">\n\t\t\t\t\t\t\t\t\t\t\t\t\t\t\t<img decoding=\"async\" width=\"1024\" height=\"411\" src=\"https:\/\/terrasses-amitie.be\/wp-content\/uploads\/2026\/02\/4-2-1024x411.jpg\" class=\"attachment-large size-large wp-image-210869\" alt=\"\" srcset=\"https:\/\/terrasses-amitie.be\/wp-content\/uploads\/2026\/02\/4-2-1024x411.jpg 1024w, https:\/\/terrasses-amitie.be\/wp-content\/uploads\/2026\/02\/4-2-980x393.jpg 980w, https:\/\/terrasses-amitie.be\/wp-content\/uploads\/2026\/02\/4-2-480x193.jpg 480w\" sizes=\"(min-width: 0px) and (max-width: 480px) 480px, (min-width: 481px) and (max-width: 980px) 980px, (min-width: 981px) 1024px, 100vw\" \/>\t\t\t\t\t\t\t\t\t\t\t\t\t\t\t<\/div>\n\t\t\t\t<\/div>\n\t\t<div class=\"elementor-element elementor-element-23917279 e-con-full e-flex e-con e-child\" data-id=\"23917279\" data-element_type=\"container\">\n\t\t\t\t<div class=\"elementor-element elementor-element-149cbc5f elementor-widget elementor-widget-image\" data-id=\"149cbc5f\" data-element_type=\"widget\" data-widget_type=\"image.default\">\n\t\t\t\t\t\t\t\t\t\t\t\t\t\t\t<img decoding=\"async\" width=\"1024\" height=\"411\" src=\"https:\/\/terrasses-amitie.be\/wp-content\/uploads\/2026\/02\/4-3-1024x411.jpg\" class=\"attachment-large size-large wp-image-210870\" alt=\"\" srcset=\"https:\/\/terrasses-amitie.be\/wp-content\/uploads\/2026\/02\/4-3-1024x411.jpg 1024w, https:\/\/terrasses-amitie.be\/wp-content\/uploads\/2026\/02\/4-3-980x393.jpg 980w, https:\/\/terrasses-amitie.be\/wp-content\/uploads\/2026\/02\/4-3-480x193.jpg 480w\" sizes=\"(min-width: 0px) and (max-width: 480px) 480px, (min-width: 481px) and (max-width: 980px) 980px, (min-width: 981px) 1024px, 100vw\" \/>\t\t\t\t\t\t\t\t\t\t\t\t\t\t\t<\/div>\n\t\t\t\t<\/div>\n\t\t\t\t\t<\/div>\n\t\t\t\t<\/div>\n\t\t<div class=\"elementor-element elementor-element-4b0c8332 e-flex e-con-boxed e-con e-parent\" data-id=\"4b0c8332\" data-element_type=\"container\">\n\t\t\t\t\t<div class=\"e-con-inner\">\n\t\t\t\t<div class=\"elementor-element elementor-element-21a5bd37 elementor-widget elementor-widget-heading\" data-id=\"21a5bd37\" data-element_type=\"widget\" data-widget_type=\"heading.default\">\n\t\t\t\t\t<h2 class=\"elementor-heading-title elementor-size-default\">Disposition<\/h2>\t\t\t\t<\/div>\n\t\t\t\t<div class=\"elementor-element elementor-element-e37d8dc elementor-widget elementor-widget-image\" data-id=\"e37d8dc\" data-element_type=\"widget\" data-widget_type=\"image.default\">\n\t\t\t\t\t\t\t\t\t\t\t\t\t\t\t<img loading=\"lazy\" loading=\"lazy\" decoding=\"async\" width=\"1507\" height=\"494\" src=\"https:\/\/terrasses-amitie.be\/wp-content\/uploads\/2025\/10\/elevations-3.jpg\" class=\"attachment-full size-full wp-image-210765\" alt=\"\" srcset=\"https:\/\/terrasses-amitie.be\/wp-content\/uploads\/2025\/10\/elevations-3.jpg 1507w, https:\/\/terrasses-amitie.be\/wp-content\/uploads\/2025\/10\/elevations-3-1280x420.jpg 1280w, https:\/\/terrasses-amitie.be\/wp-content\/uploads\/2025\/10\/elevations-3-980x321.jpg 980w, https:\/\/terrasses-amitie.be\/wp-content\/uploads\/2025\/10\/elevations-3-480x157.jpg 480w\" sizes=\"(min-width: 0px) and (max-width: 480px) 480px, (min-width: 481px) and (max-width: 980px) 980px, (min-width: 981px) and (max-width: 1280px) 1280px, (min-width: 1281px) 1507px, 100vw\" \/>\t\t\t\t\t\t\t\t\t\t\t\t\t\t\t<\/div>\n\t\t\t\t<div class=\"elementor-element elementor-element-471f0f35 elementor-widget elementor-widget-heading\" data-id=\"471f0f35\" data-element_type=\"widget\" data-widget_type=\"heading.default\">\n\t\t\t\t\t<h2 class=\"elementor-heading-title elementor-size-default\">Plan du quatri\u00e8me \u00e9tage<\/h2>\t\t\t\t<\/div>\n\t\t\t\t<div class=\"elementor-element elementor-element-5090e153 elementor-widget elementor-widget-image\" data-id=\"5090e153\" data-element_type=\"widget\" data-widget_type=\"image.default\">\n\t\t\t\t\t\t\t\t\t\t\t\t\t\t\t<img loading=\"lazy\" loading=\"lazy\" decoding=\"async\" width=\"1507\" height=\"434\" src=\"https:\/\/terrasses-amitie.be\/wp-content\/uploads\/2025\/10\/quatrieme-1.jpg\" class=\"attachment-full size-full wp-image-210760\" alt=\"\" srcset=\"https:\/\/terrasses-amitie.be\/wp-content\/uploads\/2025\/10\/quatrieme-1.jpg 1507w, https:\/\/terrasses-amitie.be\/wp-content\/uploads\/2025\/10\/quatrieme-1-1280x369.jpg 1280w, https:\/\/terrasses-amitie.be\/wp-content\/uploads\/2025\/10\/quatrieme-1-980x282.jpg 980w, https:\/\/terrasses-amitie.be\/wp-content\/uploads\/2025\/10\/quatrieme-1-480x138.jpg 480w\" sizes=\"(min-width: 0px) and (max-width: 480px) 480px, (min-width: 481px) and (max-width: 980px) 980px, (min-width: 981px) and (max-width: 1280px) 1280px, (min-width: 1281px) 1507px, 100vw\" \/>\t\t\t\t\t\t\t\t\t\t\t\t\t\t\t<\/div>\n\t\t\t\t<div class=\"elementor-element elementor-element-64818bf8 elementor-widget elementor-widget-heading\" data-id=\"64818bf8\" data-element_type=\"widget\" data-widget_type=\"heading.default\">\n\t\t\t\t\t<h2 class=\"elementor-heading-title elementor-size-default\">Plan du troisi\u00e8me \u00e9tage<\/h2>\t\t\t\t<\/div>\n\t\t\t\t<div class=\"elementor-element elementor-element-225efd1 elementor-widget elementor-widget-image\" data-id=\"225efd1\" data-element_type=\"widget\" data-widget_type=\"image.default\">\n\t\t\t\t\t\t\t\t\t\t\t\t\t\t\t<img loading=\"lazy\" loading=\"lazy\" decoding=\"async\" width=\"1507\" height=\"434\" src=\"https:\/\/terrasses-amitie.be\/wp-content\/uploads\/2025\/10\/troisieme-1.jpg\" class=\"attachment-full size-full wp-image-210762\" alt=\"\" srcset=\"https:\/\/terrasses-amitie.be\/wp-content\/uploads\/2025\/10\/troisieme-1.jpg 1507w, https:\/\/terrasses-amitie.be\/wp-content\/uploads\/2025\/10\/troisieme-1-1280x369.jpg 1280w, https:\/\/terrasses-amitie.be\/wp-content\/uploads\/2025\/10\/troisieme-1-980x282.jpg 980w, https:\/\/terrasses-amitie.be\/wp-content\/uploads\/2025\/10\/troisieme-1-480x138.jpg 480w\" sizes=\"(min-width: 0px) and (max-width: 480px) 480px, (min-width: 481px) and (max-width: 980px) 980px, (min-width: 981px) and (max-width: 1280px) 1280px, (min-width: 1281px) 1507px, 100vw\" \/>\t\t\t\t\t\t\t\t\t\t\t\t\t\t\t<\/div>\n\t\t\t\t<div class=\"elementor-element elementor-element-6fae9d6d elementor-widget elementor-widget-heading\" data-id=\"6fae9d6d\" data-element_type=\"widget\" data-widget_type=\"heading.default\">\n\t\t\t\t\t<h2 class=\"elementor-heading-title elementor-size-default\">Plan des caves<\/h2>\t\t\t\t<\/div>\n\t\t\t\t<div class=\"elementor-element elementor-element-45529446 elementor-widget elementor-widget-image\" data-id=\"45529446\" data-element_type=\"widget\" data-widget_type=\"image.default\">\n\t\t\t\t\t\t\t\t\t\t\t\t\t\t\t<img loading=\"lazy\" loading=\"lazy\" decoding=\"async\" width=\"1507\" height=\"438\" src=\"https:\/\/terrasses-amitie.be\/wp-content\/uploads\/2025\/10\/cave-3-1.jpg\" class=\"attachment-full size-full wp-image-210768\" alt=\"\" srcset=\"https:\/\/terrasses-amitie.be\/wp-content\/uploads\/2025\/10\/cave-3-1.jpg 1507w, https:\/\/terrasses-amitie.be\/wp-content\/uploads\/2025\/10\/cave-3-1-1280x372.jpg 1280w, https:\/\/terrasses-amitie.be\/wp-content\/uploads\/2025\/10\/cave-3-1-980x285.jpg 980w, https:\/\/terrasses-amitie.be\/wp-content\/uploads\/2025\/10\/cave-3-1-480x140.jpg 480w\" sizes=\"(min-width: 0px) and (max-width: 480px) 480px, (min-width: 481px) and (max-width: 980px) 980px, (min-width: 981px) and (max-width: 1280px) 1280px, (min-width: 1281px) 1507px, 100vw\" \/>\t\t\t\t\t\t\t\t\t\t\t\t\t\t\t<\/div>\n\t\t\t\t\t<\/div>\n\t\t\t\t<\/div>\n\t\t<div class=\"elementor-element elementor-element-1d2121af e-flex e-con-boxed e-con e-parent\" data-id=\"1d2121af\" data-element_type=\"container\" data-settings=\"{&quot;background_background&quot;:&quot;gradient&quot;}\">\n\t\t\t\t\t<div class=\"e-con-inner\">\n\t\t\t\t<div class=\"elementor-element elementor-element-5b735a36 elementor-align-center elementor-widget elementor-widget-button\" data-id=\"5b735a36\" data-element_type=\"widget\" data-widget_type=\"button.default\">\n\t\t\t\t\t\t\t\t\t\t<a class=\"elementor-button elementor-button-link elementor-size-sm elementor-animation-grow\" href=\"http:\/\/terrasses-amitie.be\/wp-content\/uploads\/2026\/02\/Plans-de-vente.pdf\" target=\"_blank\">\n\t\t\t\t\t\t<span class=\"elementor-button-content-wrapper\">\n\t\t\t\t\t\t\t\t\t<span class=\"elementor-button-text\">T\u00e9l\u00e9chargez notre brochure<\/span>\n\t\t\t\t\t<\/span>\n\t\t\t\t\t<\/a>\n\t\t\t\t\t\t\t\t<\/div>\n\t\t\t\t\t<\/div>\n\t\t\t\t<\/div>\n\t\t<div class=\"elementor-element elementor-element-2bf8b54e e-flex e-con-boxed e-con e-parent\" data-id=\"2bf8b54e\" data-element_type=\"container\">\n\t\t\t\t\t<div class=\"e-con-inner\">\n\t\t\t\t<div class=\"elementor-element elementor-element-2701eaa3 elementor-widget-divider--view-line elementor-widget elementor-widget-divider\" data-id=\"2701eaa3\" data-element_type=\"widget\" data-widget_type=\"divider.default\">\n\t\t\t\t\t\t\t<div class=\"elementor-divider\">\n\t\t\t<span class=\"elementor-divider-separator\">\n\t\t\t\t\t\t<\/span>\n\t\t<\/div>\n\t\t\t\t\t\t<\/div>\n\t\t\t\t<div class=\"elementor-element elementor-element-76658335 elementor-widget elementor-widget-heading\" data-id=\"76658335\" data-element_type=\"widget\" data-widget_type=\"heading.default\">\n\t\t\t\t\t<h2 class=\"elementor-heading-title elementor-size-default\">Contactez-nous<\/h2>\t\t\t\t<\/div>\n\t\t\t\t<div class=\"elementor-element elementor-element-52eedf57 elementor-widget elementor-widget-text-editor\" data-id=\"52eedf57\" data-element_type=\"widget\" data-widget_type=\"text-editor.default\">\n\t\t\t\t\t\t\t\t\t<p>Pour toute question ou demande d&#8217;information, n&#8217;h\u00e9sitez pas \u00e0 nous contacter par t\u00e9l\u00e9phone ou par email.<\/p>\t\t\t\t\t\t\t\t<\/div>\n\t\t\t\t\t<\/div>\n\t\t\t\t<\/div>\n\t\t<div class=\"elementor-element elementor-element-40dadc6d e-flex e-con-boxed e-con e-parent\" data-id=\"40dadc6d\" data-element_type=\"container\">\n\t\t\t\t\t<div class=\"e-con-inner\">\n\t\t<div class=\"elementor-element elementor-element-1425d54a e-flex e-con-boxed e-con e-child\" data-id=\"1425d54a\" data-element_type=\"container\">\n\t\t\t\t\t<div class=\"e-con-inner\">\n\t\t\t\t<div class=\"elementor-element elementor-element-1a7b92de elementor-widget elementor-widget-image\" data-id=\"1a7b92de\" data-element_type=\"widget\" data-widget_type=\"image.default\">\n\t\t\t\t\t\t\t\t\t\t\t\t\t\t\t\t<a href=\"https:\/\/www.valdelimmo.be\/fr\/\" target=\"_blank\">\n\t\t\t\t\t\t\t<img loading=\"lazy\" loading=\"lazy\" decoding=\"async\" width=\"300\" height=\"286\" src=\"https:\/\/terrasses-amitie.be\/wp-content\/uploads\/2026\/02\/Valdel-immo-300x286.png\" class=\"attachment-medium size-medium wp-image-210788\" alt=\"\" \/>\t\t\t\t\t\t\t\t<\/a>\n\t\t\t\t\t\t\t\t\t\t\t\t\t\t\t<\/div>\n\t\t\t\t<div class=\"elementor-element elementor-element-7cde835f elementor-widget elementor-widget-heading\" data-id=\"7cde835f\" data-element_type=\"widget\" data-widget_type=\"heading.default\">\n\t\t\t\t\t<h2 class=\"elementor-heading-title elementor-size-default\"><a href=\"tel:0472651329\u200b\">0472 65 13 29<\/a><\/h2>\t\t\t\t<\/div>\n\t\t\t\t<div class=\"elementor-element elementor-element-7d9d2827 elementor-widget elementor-widget-heading\" data-id=\"7d9d2827\" data-element_type=\"widget\" data-widget_type=\"heading.default\">\n\t\t\t\t\t<h2 class=\"elementor-heading-title elementor-size-default\"><a href=\"mailto:info@valdelimmo.be\">info@valdelimmo.be<\/a><\/h2>\t\t\t\t<\/div>\n\t\t\t\t\t<\/div>\n\t\t\t\t<\/div>\n\t\t<div class=\"elementor-element elementor-element-113e276b e-flex e-con-boxed e-con e-child\" data-id=\"113e276b\" data-element_type=\"container\">\n\t\t\t\t\t<div class=\"e-con-inner\">\n\t\t\t\t<div class=\"elementor-element elementor-element-7319c778 elementor-widget elementor-widget-image\" data-id=\"7319c778\" data-element_type=\"widget\" data-widget_type=\"image.default\">\n\t\t\t\t\t\t\t\t\t\t\t\t\t\t\t\t<a href=\"https:\/\/latouretpetit.be\/\" target=\"_blank\">\n\t\t\t\t\t\t\t<img decoding=\"async\" src=\"https:\/\/terrasses-amitie.be\/wp-content\/uploads\/2026\/02\/Latour-et-petit.jpg\" title=\"Latour et petit\" alt=\"Latour et petit\" loading=\"lazy\" \/>\t\t\t\t\t\t\t\t<\/a>\n\t\t\t\t\t\t\t\t\t\t\t\t\t\t\t<\/div>\n\t\t\t\t<div class=\"elementor-element elementor-element-109aeaa4 elementor-widget elementor-widget-heading\" data-id=\"109aeaa4\" data-element_type=\"widget\" data-widget_type=\"heading.default\">\n\t\t\t\t\t<h2 class=\"elementor-heading-title elementor-size-default\"><a href=\"tel:0475630394\">0475 63 03 94<\/a><\/h2>\t\t\t\t<\/div>\n\t\t\t\t<div class=\"elementor-element elementor-element-22b46dea elementor-widget elementor-widget-heading\" data-id=\"22b46dea\" data-element_type=\"widget\" data-widget_type=\"heading.default\">\n\t\t\t\t\t<h2 class=\"elementor-heading-title elementor-size-default\"><a href=\"mailto:info@latouretpetit.be\">info@latouretpetit.be<\/a><\/h2>\t\t\t\t<\/div>\n\t\t\t\t\t<\/div>\n\t\t\t\t<\/div>\n\t\t\t\t\t<\/div>\n\t\t\t\t<\/div>\n\t\t\t\t<\/div>\n\t\t","protected":false},"excerpt":{"rendered":"<p>Penthouse \/ duplexe &#8211; 3 chambres + bureau Le Penthouse-Duplex (\u00c9tages +3 &amp; +4) : L&#8217;Excellence \u00e0 Ciel Ouvert V\u00e9ritable joyau de la r\u00e9sidence, ce penthouse en duplex de 137 m\u00b2 est une &#8220;villa sur le toit&#8221; qui offre une exp\u00e9rience de vie absolument unique. Distribu\u00e9 sur les deux derniers \u00e9tages, il culmine avec une [&hellip;]<\/p>\n","protected":false},"author":1,"featured_media":0,"parent":0,"menu_order":0,"comment_status":"closed","ping_status":"closed","template":"","meta":{"_et_pb_use_builder":"","_et_pb_old_content":"","_et_gb_content_width":"","footnotes":""},"class_list":["post-16","page","type-page","status-publish","hentry"],"_links":{"self":[{"href":"https:\/\/terrasses-amitie.be\/index.php\/wp-json\/wp\/v2\/pages\/16","targetHints":{"allow":["GET"]}}],"collection":[{"href":"https:\/\/terrasses-amitie.be\/index.php\/wp-json\/wp\/v2\/pages"}],"about":[{"href":"https:\/\/terrasses-amitie.be\/index.php\/wp-json\/wp\/v2\/types\/page"}],"author":[{"embeddable":true,"href":"https:\/\/terrasses-amitie.be\/index.php\/wp-json\/wp\/v2\/users\/1"}],"replies":[{"embeddable":true,"href":"https:\/\/terrasses-amitie.be\/index.php\/wp-json\/wp\/v2\/comments?post=16"}],"version-history":[{"count":24,"href":"https:\/\/terrasses-amitie.be\/index.php\/wp-json\/wp\/v2\/pages\/16\/revisions"}],"predecessor-version":[{"id":210941,"href":"https:\/\/terrasses-amitie.be\/index.php\/wp-json\/wp\/v2\/pages\/16\/revisions\/210941"}],"wp:attachment":[{"href":"https:\/\/terrasses-amitie.be\/index.php\/wp-json\/wp\/v2\/media?parent=16"}],"curies":[{"name":"wp","href":"https:\/\/api.w.org\/{rel}","templated":true}]}}