{"id":210884,"date":"2026-02-25T15:33:54","date_gmt":"2026-02-25T15:33:54","guid":{"rendered":"https:\/\/terrasses-amitie.be\/?page_id=210884"},"modified":"2026-02-25T16:11:37","modified_gmt":"2026-02-25T16:11:37","slug":"duplex-0-et-1e-etage","status":"publish","type":"page","link":"https:\/\/terrasses-amitie.be\/index.php\/duplex-0-et-1e-etage\/","title":{"rendered":"Duplex 0 \/ +1"},"content":{"rendered":"\t\t<div data-elementor-type=\"wp-page\" data-elementor-id=\"210884\" class=\"elementor elementor-210884\">\n\t\t\t\t<div class=\"elementor-element elementor-element-7026f3c0 e-con-full e-flex e-con e-parent\" data-id=\"7026f3c0\" data-element_type=\"container\" data-settings=\"{&quot;background_background&quot;:&quot;slideshow&quot;,&quot;background_slideshow_gallery&quot;:[{&quot;id&quot;:210785,&quot;url&quot;:&quot;http:\\\/\\\/terrasses-amitie.be\\\/wp-content\\\/uploads\\\/2026\\\/02\\\/Generated-Image-September-26-2025-1_18AM.png&quot;},{&quot;id&quot;:210779,&quot;url&quot;:&quot;http:\\\/\\\/terrasses-amitie.be\\\/wp-content\\\/uploads\\\/2026\\\/02\\\/Vue-jardin.jpg&quot;},{&quot;id&quot;:210786,&quot;url&quot;:&quot;http:\\\/\\\/terrasses-amitie.be\\\/wp-content\\\/uploads\\\/2026\\\/02\\\/Generated-Image-September-26-2025-3_15AM.png&quot;},{&quot;id&quot;:210777,&quot;url&quot;:&quot;http:\\\/\\\/terrasses-amitie.be\\\/wp-content\\\/uploads\\\/2026\\\/02\\\/Generated-Image-November-11-2025-9_57AM-copie.jpg&quot;},{&quot;id&quot;:210781,&quot;url&quot;:&quot;http:\\\/\\\/terrasses-amitie.be\\\/wp-content\\\/uploads\\\/2026\\\/02\\\/Generated-Image-October-30-2025-3_43PM-copie.png&quot;},{&quot;id&quot;:210778,&quot;url&quot;:&quot;http:\\\/\\\/terrasses-amitie.be\\\/wp-content\\\/uploads\\\/2026\\\/02\\\/Generated-Image-September-29-2025-4_02PM.png&quot;},{&quot;id&quot;:210776,&quot;url&quot;:&quot;http:\\\/\\\/terrasses-amitie.be\\\/wp-content\\\/uploads\\\/2026\\\/02\\\/facade-avant.png&quot;},{&quot;id&quot;:210780,&quot;url&quot;:&quot;http:\\\/\\\/terrasses-amitie.be\\\/wp-content\\\/uploads\\\/2026\\\/02\\\/Generated-Image-September-19-2025-12_20AM-2.png&quot;}],&quot;background_slideshow_loop&quot;:&quot;yes&quot;,&quot;background_slideshow_slide_duration&quot;:5000,&quot;background_slideshow_slide_transition&quot;:&quot;fade&quot;,&quot;background_slideshow_transition_duration&quot;:500}\">\n\t\t\t\t<\/div>\n\t\t<div class=\"elementor-element elementor-element-4470e71b e-flex e-con-boxed e-con e-parent\" data-id=\"4470e71b\" data-element_type=\"container\" data-settings=\"{&quot;background_background&quot;:&quot;classic&quot;}\">\n\t\t\t\t\t<div class=\"e-con-inner\">\n\t\t<div class=\"elementor-element elementor-element-226b8375 e-con-full e-flex e-con e-child\" data-id=\"226b8375\" data-element_type=\"container\">\n\t\t\t\t<div class=\"elementor-element elementor-element-4cb08c45 elementor-widget elementor-widget-heading\" data-id=\"4cb08c45\" data-element_type=\"widget\" data-widget_type=\"heading.default\">\n\t\t\t\t\t<h2 class=\"elementor-heading-title elementor-size-default\">Duplex avec jardin - 3 chambres + bureau<\/h2>\t\t\t\t<\/div>\n\t\t\t\t<div class=\"elementor-element elementor-element-60af9ecf elementor-widget elementor-widget-text-editor\" data-id=\"60af9ecf\" data-element_type=\"widget\" data-widget_type=\"text-editor.default\">\n\t\t\t\t\t\t\t\t\t<p><span style=\"font-size: 16px;\">Le Duplex-Jardin (Rez &amp; +1) : L&#8217;Esprit d&#8217;une Maison, les Avantages de l&#8217;Exclusivit\u00e9 Con\u00e7u comme une v\u00e9ritable alternative \u00e0 une maison de ville, ce magnifique duplex de 145 m\u00b2 offre l&#8217;espace, l&#8217;ind\u00e9pendance et l&#8217;agr\u00e9ment d&#8217;un jardin privatif, alli\u00e9s \u00e0 la s\u00e9curit\u00e9 et \u00e0 la simplicit\u00e9 d&#8217;une copropri\u00e9t\u00e9 de prestige. Le vaste s\u00e9jour de 32 m\u00b2, baign\u00e9 de lumi\u00e8re, se prolonge naturellement vers une premi\u00e8re terrasse de 13 m\u00b2 et un jardin de 50 m\u00b2, cr\u00e9ant un espace de vie int\u00e9rieur-ext\u00e9rieur de plus de 95 m\u00b2, parfaitement orient\u00e9 au sud. L&#8217;agencement intelligent comprend trois chambres spacieuses, un bureau d\u00e9di\u00e9 au t\u00e9l\u00e9travail, une salle de bain en suite et une salle de douche s\u00e9par\u00e9e, r\u00e9pondant parfaitement aux besoins d&#8217;une famille ou d&#8217;un couple d\u00e9sirant allier vie professionnelle et personnelle avec \u00e9l\u00e9gance.<\/span><span style=\"white-space-collapse: preserve;\">.<\/span><\/p>\t\t\t\t\t\t\t\t<\/div>\n\t\t\t\t<\/div>\n\t\t\t\t\t<\/div>\n\t\t\t\t<\/div>\n\t\t<div class=\"elementor-element elementor-element-7365515f e-flex e-con-boxed e-con e-parent\" data-id=\"7365515f\" data-element_type=\"container\">\n\t\t\t\t\t<div class=\"e-con-inner\">\n\t\t<div class=\"elementor-element elementor-element-4a953c31 e-con-full e-flex e-con e-child\" data-id=\"4a953c31\" data-element_type=\"container\">\n\t\t\t\t<div class=\"elementor-element elementor-element-59c294ae elementor-widget elementor-widget-image\" data-id=\"59c294ae\" data-element_type=\"widget\" data-widget_type=\"image.default\">\n\t\t\t\t\t\t\t\t\t\t\t\t\t\t\t<img fetchpriority=\"high\" fetchpriority=\"high\" decoding=\"async\" width=\"1024\" height=\"411\" src=\"https:\/\/terrasses-amitie.be\/wp-content\/uploads\/2026\/02\/0-1-1024x411.jpg\" class=\"attachment-large size-large wp-image-210862\" alt=\"\" srcset=\"https:\/\/terrasses-amitie.be\/wp-content\/uploads\/2026\/02\/0-1-1024x411.jpg 1024w, https:\/\/terrasses-amitie.be\/wp-content\/uploads\/2026\/02\/0-1-980x393.jpg 980w, https:\/\/terrasses-amitie.be\/wp-content\/uploads\/2026\/02\/0-1-480x193.jpg 480w\" sizes=\"(min-width: 0px) and (max-width: 480px) 480px, (min-width: 481px) and (max-width: 980px) 980px, (min-width: 981px) 1024px, 100vw\" \/>\t\t\t\t\t\t\t\t\t\t\t\t\t\t\t<\/div>\n\t\t\t\t<\/div>\n\t\t<div class=\"elementor-element elementor-element-e333828 e-con-full e-flex e-con e-child\" data-id=\"e333828\" data-element_type=\"container\">\n\t\t\t\t<div class=\"elementor-element elementor-element-76c6cb41 elementor-widget elementor-widget-image\" data-id=\"76c6cb41\" data-element_type=\"widget\" data-widget_type=\"image.default\">\n\t\t\t\t\t\t\t\t\t\t\t\t\t\t\t<img decoding=\"async\" width=\"1024\" height=\"411\" src=\"https:\/\/terrasses-amitie.be\/wp-content\/uploads\/2026\/02\/0-2-1024x411.jpg\" class=\"attachment-large size-large wp-image-210863\" alt=\"\" srcset=\"https:\/\/terrasses-amitie.be\/wp-content\/uploads\/2026\/02\/0-2-1024x411.jpg 1024w, https:\/\/terrasses-amitie.be\/wp-content\/uploads\/2026\/02\/0-2-980x393.jpg 980w, https:\/\/terrasses-amitie.be\/wp-content\/uploads\/2026\/02\/0-2-480x193.jpg 480w\" sizes=\"(min-width: 0px) and (max-width: 480px) 480px, (min-width: 481px) and (max-width: 980px) 980px, (min-width: 981px) 1024px, 100vw\" \/>\t\t\t\t\t\t\t\t\t\t\t\t\t\t\t<\/div>\n\t\t\t\t<\/div>\n\t\t<div class=\"elementor-element elementor-element-1d4a6d96 e-con-full e-flex e-con e-child\" data-id=\"1d4a6d96\" data-element_type=\"container\">\n\t\t\t\t<div class=\"elementor-element elementor-element-64d3f81 elementor-widget elementor-widget-image\" data-id=\"64d3f81\" data-element_type=\"widget\" data-widget_type=\"image.default\">\n\t\t\t\t\t\t\t\t\t\t\t\t\t\t\t<img decoding=\"async\" width=\"1024\" height=\"411\" src=\"https:\/\/terrasses-amitie.be\/wp-content\/uploads\/2026\/02\/0-3-1024x411.jpg\" class=\"attachment-large size-large wp-image-210864\" alt=\"\" srcset=\"https:\/\/terrasses-amitie.be\/wp-content\/uploads\/2026\/02\/0-3-1024x411.jpg 1024w, https:\/\/terrasses-amitie.be\/wp-content\/uploads\/2026\/02\/0-3-980x393.jpg 980w, https:\/\/terrasses-amitie.be\/wp-content\/uploads\/2026\/02\/0-3-480x193.jpg 480w\" sizes=\"(min-width: 0px) and (max-width: 480px) 480px, (min-width: 481px) and (max-width: 980px) 980px, (min-width: 981px) 1024px, 100vw\" \/>\t\t\t\t\t\t\t\t\t\t\t\t\t\t\t<\/div>\n\t\t\t\t<\/div>\n\t\t\t\t\t<\/div>\n\t\t\t\t<\/div>\n\t\t<div class=\"elementor-element elementor-element-b025acc e-flex e-con-boxed e-con e-parent\" data-id=\"b025acc\" data-element_type=\"container\">\n\t\t\t\t\t<div class=\"e-con-inner\">\n\t\t\t\t<div class=\"elementor-element elementor-element-3a3e4f19 elementor-widget elementor-widget-heading\" data-id=\"3a3e4f19\" data-element_type=\"widget\" data-widget_type=\"heading.default\">\n\t\t\t\t\t<h2 class=\"elementor-heading-title elementor-size-default\">Disposition<\/h2>\t\t\t\t<\/div>\n\t\t\t\t<div class=\"elementor-element elementor-element-777757a7 elementor-widget elementor-widget-image\" data-id=\"777757a7\" data-element_type=\"widget\" data-widget_type=\"image.default\">\n\t\t\t\t\t\t\t\t\t\t\t\t\t\t\t<img loading=\"lazy\" loading=\"lazy\" decoding=\"async\" width=\"1507\" height=\"494\" src=\"https:\/\/terrasses-amitie.be\/wp-content\/uploads\/2025\/10\/elevations-1.jpg\" class=\"attachment-full size-full wp-image-210763\" alt=\"\" srcset=\"https:\/\/terrasses-amitie.be\/wp-content\/uploads\/2025\/10\/elevations-1.jpg 1507w, https:\/\/terrasses-amitie.be\/wp-content\/uploads\/2025\/10\/elevations-1-1280x420.jpg 1280w, https:\/\/terrasses-amitie.be\/wp-content\/uploads\/2025\/10\/elevations-1-980x321.jpg 980w, https:\/\/terrasses-amitie.be\/wp-content\/uploads\/2025\/10\/elevations-1-480x157.jpg 480w\" sizes=\"(min-width: 0px) and (max-width: 480px) 480px, (min-width: 481px) and (max-width: 980px) 980px, (min-width: 981px) and (max-width: 1280px) 1280px, (min-width: 1281px) 1507px, 100vw\" \/>\t\t\t\t\t\t\t\t\t\t\t\t\t\t\t<\/div>\n\t\t\t\t<div class=\"elementor-element elementor-element-bca1b6b elementor-widget elementor-widget-heading\" data-id=\"bca1b6b\" data-element_type=\"widget\" data-widget_type=\"heading.default\">\n\t\t\t\t\t<h2 class=\"elementor-heading-title elementor-size-default\">Plan du rez-de-chauss\u00e9e<\/h2>\t\t\t\t<\/div>\n\t\t\t\t<div class=\"elementor-element elementor-element-1bf21799 elementor-widget elementor-widget-image\" data-id=\"1bf21799\" data-element_type=\"widget\" data-widget_type=\"image.default\">\n\t\t\t\t\t\t\t\t\t\t\t\t\t\t\t<img loading=\"lazy\" loading=\"lazy\" decoding=\"async\" width=\"1507\" height=\"434\" src=\"https:\/\/terrasses-amitie.be\/wp-content\/uploads\/2025\/10\/rez-1.jpg\" class=\"attachment-full size-full wp-image-210761\" alt=\"\" srcset=\"https:\/\/terrasses-amitie.be\/wp-content\/uploads\/2025\/10\/rez-1.jpg 1507w, https:\/\/terrasses-amitie.be\/wp-content\/uploads\/2025\/10\/rez-1-1280x369.jpg 1280w, https:\/\/terrasses-amitie.be\/wp-content\/uploads\/2025\/10\/rez-1-980x282.jpg 980w, https:\/\/terrasses-amitie.be\/wp-content\/uploads\/2025\/10\/rez-1-480x138.jpg 480w\" sizes=\"(min-width: 0px) and (max-width: 480px) 480px, (min-width: 481px) and (max-width: 980px) 980px, (min-width: 981px) and (max-width: 1280px) 1280px, (min-width: 1281px) 1507px, 100vw\" \/>\t\t\t\t\t\t\t\t\t\t\t\t\t\t\t<\/div>\n\t\t\t\t<div class=\"elementor-element elementor-element-1015ef3d elementor-widget elementor-widget-heading\" data-id=\"1015ef3d\" data-element_type=\"widget\" data-widget_type=\"heading.default\">\n\t\t\t\t\t<h2 class=\"elementor-heading-title elementor-size-default\">Plan du premier \u00e9tage<\/h2>\t\t\t\t<\/div>\n\t\t\t\t<div class=\"elementor-element elementor-element-3deeee2f elementor-widget elementor-widget-image\" data-id=\"3deeee2f\" data-element_type=\"widget\" data-widget_type=\"image.default\">\n\t\t\t\t\t\t\t\t\t\t\t\t\t\t\t<img loading=\"lazy\" loading=\"lazy\" decoding=\"async\" width=\"1507\" height=\"434\" src=\"https:\/\/terrasses-amitie.be\/wp-content\/uploads\/2025\/10\/premier-1.jpg\" class=\"attachment-full size-full wp-image-210759\" alt=\"\" srcset=\"https:\/\/terrasses-amitie.be\/wp-content\/uploads\/2025\/10\/premier-1.jpg 1507w, https:\/\/terrasses-amitie.be\/wp-content\/uploads\/2025\/10\/premier-1-1280x369.jpg 1280w, https:\/\/terrasses-amitie.be\/wp-content\/uploads\/2025\/10\/premier-1-980x282.jpg 980w, https:\/\/terrasses-amitie.be\/wp-content\/uploads\/2025\/10\/premier-1-480x138.jpg 480w\" sizes=\"(min-width: 0px) and (max-width: 480px) 480px, (min-width: 481px) and (max-width: 980px) 980px, (min-width: 981px) and (max-width: 1280px) 1280px, (min-width: 1281px) 1507px, 100vw\" \/>\t\t\t\t\t\t\t\t\t\t\t\t\t\t\t<\/div>\n\t\t\t\t<div class=\"elementor-element elementor-element-39f01d72 elementor-widget elementor-widget-heading\" data-id=\"39f01d72\" data-element_type=\"widget\" data-widget_type=\"heading.default\">\n\t\t\t\t\t<h2 class=\"elementor-heading-title elementor-size-default\">Plan des caves<\/h2>\t\t\t\t<\/div>\n\t\t\t\t<div class=\"elementor-element elementor-element-6764b5c8 elementor-widget elementor-widget-image\" data-id=\"6764b5c8\" data-element_type=\"widget\" data-widget_type=\"image.default\">\n\t\t\t\t\t\t\t\t\t\t\t\t\t\t\t<img loading=\"lazy\" loading=\"lazy\" decoding=\"async\" width=\"1507\" height=\"438\" src=\"https:\/\/terrasses-amitie.be\/wp-content\/uploads\/2025\/10\/cave1.jpg\" class=\"attachment-full size-full wp-image-210766\" alt=\"\" srcset=\"https:\/\/terrasses-amitie.be\/wp-content\/uploads\/2025\/10\/cave1.jpg 1507w, https:\/\/terrasses-amitie.be\/wp-content\/uploads\/2025\/10\/cave1-1280x372.jpg 1280w, https:\/\/terrasses-amitie.be\/wp-content\/uploads\/2025\/10\/cave1-980x285.jpg 980w, https:\/\/terrasses-amitie.be\/wp-content\/uploads\/2025\/10\/cave1-480x140.jpg 480w\" sizes=\"(min-width: 0px) and (max-width: 480px) 480px, (min-width: 481px) and (max-width: 980px) 980px, (min-width: 981px) and (max-width: 1280px) 1280px, (min-width: 1281px) 1507px, 100vw\" \/>\t\t\t\t\t\t\t\t\t\t\t\t\t\t\t<\/div>\n\t\t\t\t\t<\/div>\n\t\t\t\t<\/div>\n\t\t<div class=\"elementor-element elementor-element-2a6b48b5 e-flex e-con-boxed e-con e-parent\" data-id=\"2a6b48b5\" data-element_type=\"container\" data-settings=\"{&quot;background_background&quot;:&quot;gradient&quot;}\">\n\t\t\t\t\t<div class=\"e-con-inner\">\n\t\t\t\t<div class=\"elementor-element elementor-element-4422b972 elementor-align-center elementor-widget elementor-widget-button\" data-id=\"4422b972\" data-element_type=\"widget\" data-widget_type=\"button.default\">\n\t\t\t\t\t\t\t\t\t\t<a class=\"elementor-button elementor-button-link elementor-size-sm elementor-animation-grow\" href=\"http:\/\/terrasses-amitie.be\/wp-content\/uploads\/2026\/02\/Plans-de-vente.pdf\" target=\"_blank\">\n\t\t\t\t\t\t<span class=\"elementor-button-content-wrapper\">\n\t\t\t\t\t\t\t\t\t<span class=\"elementor-button-text\">T\u00e9l\u00e9chargez notre brochure<\/span>\n\t\t\t\t\t<\/span>\n\t\t\t\t\t<\/a>\n\t\t\t\t\t\t\t\t<\/div>\n\t\t\t\t\t<\/div>\n\t\t\t\t<\/div>\n\t\t<div class=\"elementor-element elementor-element-54e84d13 e-flex e-con-boxed e-con e-parent\" data-id=\"54e84d13\" data-element_type=\"container\">\n\t\t\t\t\t<div class=\"e-con-inner\">\n\t\t\t\t<div class=\"elementor-element elementor-element-4984451c elementor-widget-divider--view-line elementor-widget elementor-widget-divider\" data-id=\"4984451c\" data-element_type=\"widget\" data-widget_type=\"divider.default\">\n\t\t\t\t\t\t\t<div class=\"elementor-divider\">\n\t\t\t<span class=\"elementor-divider-separator\">\n\t\t\t\t\t\t<\/span>\n\t\t<\/div>\n\t\t\t\t\t\t<\/div>\n\t\t\t\t<div class=\"elementor-element elementor-element-2e992cd0 elementor-widget elementor-widget-heading\" data-id=\"2e992cd0\" data-element_type=\"widget\" data-widget_type=\"heading.default\">\n\t\t\t\t\t<h2 class=\"elementor-heading-title elementor-size-default\">Contactez-nous<\/h2>\t\t\t\t<\/div>\n\t\t\t\t<div class=\"elementor-element elementor-element-314909ed elementor-widget elementor-widget-text-editor\" data-id=\"314909ed\" data-element_type=\"widget\" data-widget_type=\"text-editor.default\">\n\t\t\t\t\t\t\t\t\t<p>Pour toute question ou demande d&#8217;information, n&#8217;h\u00e9sitez pas \u00e0 nous contacter par t\u00e9l\u00e9phone ou par email.<\/p>\t\t\t\t\t\t\t\t<\/div>\n\t\t\t\t\t<\/div>\n\t\t\t\t<\/div>\n\t\t<div class=\"elementor-element elementor-element-4a87c1f7 e-flex e-con-boxed e-con e-parent\" data-id=\"4a87c1f7\" data-element_type=\"container\">\n\t\t\t\t\t<div class=\"e-con-inner\">\n\t\t<div class=\"elementor-element elementor-element-6ab45b6c e-flex e-con-boxed e-con e-child\" data-id=\"6ab45b6c\" data-element_type=\"container\">\n\t\t\t\t\t<div class=\"e-con-inner\">\n\t\t\t\t<div class=\"elementor-element elementor-element-24d3bd0 elementor-widget elementor-widget-image\" data-id=\"24d3bd0\" data-element_type=\"widget\" data-widget_type=\"image.default\">\n\t\t\t\t\t\t\t\t\t\t\t\t\t\t\t\t<a href=\"https:\/\/www.valdelimmo.be\/fr\/\" target=\"_blank\">\n\t\t\t\t\t\t\t<img loading=\"lazy\" loading=\"lazy\" decoding=\"async\" width=\"300\" height=\"286\" src=\"https:\/\/terrasses-amitie.be\/wp-content\/uploads\/2026\/02\/Valdel-immo-300x286.png\" class=\"attachment-medium size-medium wp-image-210788\" alt=\"\" \/>\t\t\t\t\t\t\t\t<\/a>\n\t\t\t\t\t\t\t\t\t\t\t\t\t\t\t<\/div>\n\t\t\t\t<div class=\"elementor-element elementor-element-491c7536 elementor-widget elementor-widget-heading\" data-id=\"491c7536\" data-element_type=\"widget\" data-widget_type=\"heading.default\">\n\t\t\t\t\t<h2 class=\"elementor-heading-title elementor-size-default\"><a href=\"tel:0472651329\u200b\">0472 65 13 29<\/a><\/h2>\t\t\t\t<\/div>\n\t\t\t\t<div class=\"elementor-element elementor-element-19880595 elementor-widget elementor-widget-heading\" data-id=\"19880595\" data-element_type=\"widget\" data-widget_type=\"heading.default\">\n\t\t\t\t\t<h2 class=\"elementor-heading-title elementor-size-default\"><a href=\"mailto:info@valdelimmo.be\">info@valdelimmo.be<\/a><\/h2>\t\t\t\t<\/div>\n\t\t\t\t\t<\/div>\n\t\t\t\t<\/div>\n\t\t<div class=\"elementor-element elementor-element-769f7d8d e-flex e-con-boxed e-con e-child\" data-id=\"769f7d8d\" data-element_type=\"container\">\n\t\t\t\t\t<div class=\"e-con-inner\">\n\t\t\t\t<div class=\"elementor-element elementor-element-47eabd41 elementor-widget elementor-widget-image\" data-id=\"47eabd41\" data-element_type=\"widget\" data-widget_type=\"image.default\">\n\t\t\t\t\t\t\t\t\t\t\t\t\t\t\t\t<a href=\"https:\/\/latouretpetit.be\/\" target=\"_blank\">\n\t\t\t\t\t\t\t<img decoding=\"async\" src=\"https:\/\/terrasses-amitie.be\/wp-content\/uploads\/2026\/02\/Latour-et-petit.jpg\" title=\"Latour et petit\" alt=\"Latour et petit\" loading=\"lazy\" \/>\t\t\t\t\t\t\t\t<\/a>\n\t\t\t\t\t\t\t\t\t\t\t\t\t\t\t<\/div>\n\t\t\t\t<div class=\"elementor-element elementor-element-4cbbf771 elementor-widget elementor-widget-heading\" data-id=\"4cbbf771\" data-element_type=\"widget\" data-widget_type=\"heading.default\">\n\t\t\t\t\t<h2 class=\"elementor-heading-title elementor-size-default\"><a href=\"tel:0475630394\">0475 63 03 94<\/a><\/h2>\t\t\t\t<\/div>\n\t\t\t\t<div class=\"elementor-element elementor-element-b200f03 elementor-widget elementor-widget-heading\" data-id=\"b200f03\" data-element_type=\"widget\" data-widget_type=\"heading.default\">\n\t\t\t\t\t<h2 class=\"elementor-heading-title elementor-size-default\"><a href=\"mailto:info@latouretpetit.be\">info@latouretpetit.be<\/a><\/h2>\t\t\t\t<\/div>\n\t\t\t\t\t<\/div>\n\t\t\t\t<\/div>\n\t\t\t\t\t<\/div>\n\t\t\t\t<\/div>\n\t\t\t\t<\/div>\n\t\t","protected":false},"excerpt":{"rendered":"<p>Duplex avec jardin &#8211; 3 chambres + bureau Le Duplex-Jardin (Rez &amp; +1) : L&#8217;Esprit d&#8217;une Maison, les Avantages de l&#8217;Exclusivit\u00e9 Con\u00e7u comme une v\u00e9ritable alternative \u00e0 une maison de ville, ce magnifique duplex de 145 m\u00b2 offre l&#8217;espace, l&#8217;ind\u00e9pendance et l&#8217;agr\u00e9ment d&#8217;un jardin privatif, alli\u00e9s \u00e0 la s\u00e9curit\u00e9 et \u00e0 la simplicit\u00e9 d&#8217;une copropri\u00e9t\u00e9 [&hellip;]<\/p>\n","protected":false},"author":1,"featured_media":0,"parent":0,"menu_order":0,"comment_status":"closed","ping_status":"closed","template":"","meta":{"_et_pb_use_builder":"off","_et_pb_old_content":"","_et_gb_content_width":"","footnotes":""},"class_list":["post-210884","page","type-page","status-publish","hentry"],"_links":{"self":[{"href":"https:\/\/terrasses-amitie.be\/index.php\/wp-json\/wp\/v2\/pages\/210884","targetHints":{"allow":["GET"]}}],"collection":[{"href":"https:\/\/terrasses-amitie.be\/index.php\/wp-json\/wp\/v2\/pages"}],"about":[{"href":"https:\/\/terrasses-amitie.be\/index.php\/wp-json\/wp\/v2\/types\/page"}],"author":[{"embeddable":true,"href":"https:\/\/terrasses-amitie.be\/index.php\/wp-json\/wp\/v2\/users\/1"}],"replies":[{"embeddable":true,"href":"https:\/\/terrasses-amitie.be\/index.php\/wp-json\/wp\/v2\/comments?post=210884"}],"version-history":[{"count":8,"href":"https:\/\/terrasses-amitie.be\/index.php\/wp-json\/wp\/v2\/pages\/210884\/revisions"}],"predecessor-version":[{"id":210937,"href":"https:\/\/terrasses-amitie.be\/index.php\/wp-json\/wp\/v2\/pages\/210884\/revisions\/210937"}],"wp:attachment":[{"href":"https:\/\/terrasses-amitie.be\/index.php\/wp-json\/wp\/v2\/media?parent=210884"}],"curies":[{"name":"wp","href":"https:\/\/api.w.org\/{rel}","templated":true}]}}